{"id":665,"date":"2026-01-30T03:48:14","date_gmt":"2026-01-30T03:48:14","guid":{"rendered":"https:\/\/mapeinovacaoeestrategia.com\/?page_id=665"},"modified":"2026-01-30T05:51:44","modified_gmt":"2026-01-30T05:51:44","slug":"contato","status":"publish","type":"page","link":"https:\/\/mapeinovacaoeestrategia.com\/es\/contato\/","title":{"rendered":"Contacto"},"content":{"rendered":"<div data-elementor-type=\"wp-page\" data-elementor-id=\"665\" class=\"elementor elementor-665\" data-elementor-post-type=\"page\">\n\t\t\t\t<div class=\"elementor-element elementor-element-8032c1a e-flex e-con-boxed e-con e-parent\" data-id=\"8032c1a\" data-element_type=\"container\" data-e-type=\"container\" data-settings=\"{&quot;background_background&quot;:&quot;classic&quot;}\">\n\t\t\t\t\t<div class=\"e-con-inner\">\n\t\t\t\t<div class=\"elementor-element elementor-element-5f57276 elementor-widget elementor-widget-spacer\" data-id=\"5f57276\" data-element_type=\"widget\" data-e-type=\"widget\" data-widget_type=\"spacer.default\">\n\t\t\t\t\t\t\t<div class=\"elementor-spacer\">\n\t\t\t<div class=\"elementor-spacer-inner\"><\/div>\n\t\t<\/div>\n\t\t\t\t\t\t<\/div>\n\t\t\t\t\t<\/div>\n\t\t\t\t<\/div>\n\t\t<div class=\"elementor-element elementor-element-a7f2941 e-con-full e-flex e-con e-parent\" data-id=\"a7f2941\" data-element_type=\"container\" data-e-type=\"container\" data-settings=\"{&quot;background_background&quot;:&quot;gradient&quot;}\">\n\t\t<div class=\"elementor-element elementor-element-82de3c5 e-con-full e-flex e-con e-child\" data-id=\"82de3c5\" data-element_type=\"container\" data-e-type=\"container\" data-settings=\"{&quot;background_background&quot;:&quot;classic&quot;}\">\n\t\t<div class=\"elementor-element elementor-element-21752d8 e-flex e-con-boxed e-con e-child\" data-id=\"21752d8\" data-element_type=\"container\" data-e-type=\"container\" data-settings=\"{&quot;background_background&quot;:&quot;classic&quot;}\">\n\t\t\t\t\t<div class=\"e-con-inner\">\n\t\t<div class=\"elementor-element elementor-element-b9bcba5 e-con-full e-flex e-con e-child\" data-id=\"b9bcba5\" data-element_type=\"container\" data-e-type=\"container\">\n\t\t\t\t<div class=\"elementor-element elementor-element-b49635e elementor-widget__width-initial elementor-widget elementor-widget-heading\" data-id=\"b49635e\" data-element_type=\"widget\" data-e-type=\"widget\" data-widget_type=\"heading.default\">\n\t\t\t\t\t<h2 class=\"elementor-heading-title elementor-size-default\">Contacto<\/h2>\t\t\t\t<\/div>\n\t\t\t\t<div class=\"elementor-element elementor-element-1ee3708 elementor-widget elementor-widget-html\" data-id=\"1ee3708\" data-element_type=\"widget\" data-e-type=\"widget\" data-widget_type=\"html.default\">\n\t\t\t\t\t<style>\n    .transformar-tab{ display:none !important; }\n<\/style>\t\t\t\t<\/div>\n\t\t\t\t<\/div>\n\t\t<div class=\"elementor-element elementor-element-f06decd e-con-full e-flex e-con e-child\" data-id=\"f06decd\" data-element_type=\"container\" data-e-type=\"container\">\n\t\t<div class=\"elementor-element elementor-element-7f64006 e-con-full e-flex e-con e-child\" data-id=\"7f64006\" data-element_type=\"container\" data-e-type=\"container\">\n\t\t\t\t<div class=\"elementor-element elementor-element-b951ac8 elementor-widget__width-initial elementor-widget elementor-widget-heading\" data-id=\"b951ac8\" data-element_type=\"widget\" data-e-type=\"widget\" data-widget_type=\"heading.default\">\n\t\t\t\t\t<h2 class=\"elementor-heading-title elementor-size-default\">El primer paso para activar, reposicionar o encontrar tu proyecto.<\/h2>\t\t\t\t<\/div>\n\t\t\t\t<div class=\"elementor-element elementor-element-711cbc3 elementor-widget elementor-widget-text-editor\" data-id=\"711cbc3\" data-element_type=\"widget\" data-e-type=\"widget\" data-widget_type=\"text-editor.default\">\n\t\t\t\t\t\t\t\t\tEstamos a su disposici\u00f3n para conocer la fase actual de su proyecto y encontrar la mejor manera de apoyarlo en su desarrollo.\t\t\t\t\t\t\t\t<\/div>\n\t\t\t\t<div class=\"elementor-element elementor-element-0a2cf9c elementor-widget elementor-widget-text-editor\" data-id=\"0a2cf9c\" data-element_type=\"widget\" data-e-type=\"widget\" data-widget_type=\"text-editor.default\">\n\t\t\t\t\t\t\t\t\t<p>Si buscas estructura, claridad simb\u00f3lica, narraci\u00f3n estrat\u00e9gica o activaci\u00f3n institucional, hablemos.<br \/><br \/><strong>Toda transici\u00f3n comienza con un gesto.<\/strong><\/p>\t\t\t\t\t\t\t\t<\/div>\n\t\t\t\t<\/div>\n\t\t<div class=\"elementor-element elementor-element-74821c3 e-con-full e-flex e-con e-child\" data-id=\"74821c3\" data-element_type=\"container\" data-e-type=\"container\">\n\t\t<div class=\"elementor-element elementor-element-33f58f4 e-con-full e-flex e-con e-child\" data-id=\"33f58f4\" data-element_type=\"container\" data-e-type=\"container\" data-settings=\"{&quot;background_background&quot;:&quot;classic&quot;}\">\n\t\t\t\t<div class=\"elementor-element elementor-element-32186c3 elementor-button-align-start elementor-widget elementor-widget-form\" data-id=\"32186c3\" data-element_type=\"widget\" data-e-type=\"widget\" data-settings=\"{&quot;step_next_label&quot;:&quot;Pr\\u00f3ximo&quot;,&quot;step_previous_label&quot;:&quot;Anterior&quot;,&quot;button_width&quot;:&quot;100&quot;,&quot;step_type&quot;:&quot;number_text&quot;,&quot;step_icon_shape&quot;:&quot;circle&quot;}\" data-widget_type=\"form.default\">\n\t\t\t\t\t\t\t<form class=\"elementor-form\" method=\"post\" name=\"Novo formul\u00e1rio\" aria-label=\"Novo formul\u00e1rio\" action=\"\">\n\t\t\t<input type=\"hidden\" name=\"post_id\" value=\"665\"\/>\n\t\t\t<input type=\"hidden\" name=\"form_id\" value=\"32186c3\"\/>\n\t\t\t<input type=\"hidden\" name=\"referer_title\" value=\"Contato - Mape Vertex\" \/>\n\n\t\t\t\t\t\t\t<input type=\"hidden\" name=\"queried_id\" value=\"665\"\/>\n\t\t\t\n\t\t\t<div class=\"elementor-form-fields-wrapper elementor-labels-\">\n\t\t\t\t\t\t\t\t<div class=\"elementor-field-type-text elementor-field-group elementor-column elementor-field-group-field_131a18f elementor-col-100\">\n\t\t\t\t\t\t\t\t\t\t\t\t<label for=\"form-field-field_131a18f\" class=\"elementor-field-label elementor-screen-only\">\n\t\t\t\t\t\t\t\tNombre\t\t\t\t\t\t\t<\/label>\n\t\t\t\t\t\t\t\t\t\t\t\t\t\t<input size=\"1\" type=\"text\" name=\"form_fields[field_131a18f]\" id=\"form-field-field_131a18f\" class=\"elementor-field elementor-size-sm  elementor-field-textual\" placeholder=\"Nombre\">\n\t\t\t\t\t\t\t\t\t\t\t<\/div>\n\t\t\t\t\t\t\t\t<div class=\"elementor-field-type-email elementor-field-group elementor-column elementor-field-group-email elementor-col-100 elementor-field-required\">\n\t\t\t\t\t\t\t\t\t\t\t\t<label for=\"form-field-email\" class=\"elementor-field-label elementor-screen-only\">\n\t\t\t\t\t\t\t\tCorreo electr\u00f3nico\t\t\t\t\t\t\t<\/label>\n\t\t\t\t\t\t\t\t\t\t\t\t\t\t<input size=\"1\" type=\"email\" name=\"form_fields[email]\" id=\"form-field-email\" class=\"elementor-field elementor-size-sm  elementor-field-textual\" placeholder=\"Correo electr\u00f3nico\" required=\"required\">\n\t\t\t\t\t\t\t\t\t\t\t<\/div>\n\t\t\t\t\t\t\t\t<div class=\"elementor-field-type-text elementor-field-group elementor-column elementor-field-group-name elementor-col-100\">\n\t\t\t\t\t\t\t\t\t\t\t\t<label for=\"form-field-name\" class=\"elementor-field-label elementor-screen-only\">\n\t\t\t\t\t\t\t\tOrganizaci\u00f3n\t\t\t\t\t\t\t<\/label>\n\t\t\t\t\t\t\t\t\t\t\t\t\t\t<input size=\"1\" type=\"text\" name=\"form_fields[name]\" id=\"form-field-name\" class=\"elementor-field elementor-size-sm  elementor-field-textual\" placeholder=\"Organizaci\u00f3n\">\n\t\t\t\t\t\t\t\t\t\t\t<\/div>\n\t\t\t\t\t\t\t\t<div class=\"elementor-field-type-textarea elementor-field-group elementor-column elementor-field-group-message elementor-col-100\">\n\t\t\t\t\t\t\t\t\t\t\t\t<label for=\"form-field-message\" class=\"elementor-field-label elementor-screen-only\">\n\t\t\t\t\t\t\t\tMensaje\t\t\t\t\t\t\t<\/label>\n\t\t\t\t\t\t<textarea class=\"elementor-field-textual elementor-field  elementor-size-sm\" name=\"form_fields[message]\" id=\"form-field-message\" rows=\"4\" placeholder=\"\u00bfEn qu\u00e9 podemos ayudarle?\"><\/textarea>\t\t\t\t<\/div>\n\t\t\t\t\t\t\t\t<div class=\"elementor-field-type-html elementor-field-group elementor-column elementor-field-group-field_c8875c5 elementor-col-100\">\n\t\t\t\t\t<br>\n<label><b>\u00bfCu\u00e1les son tus intereses?<\/b><\/label>\t\t\t\t<\/div>\n\t\t\t\t\t\t\t\t<div class=\"elementor-field-type-radio elementor-field-group elementor-column elementor-field-group-field_5a9b391 elementor-col-100 elementor-field-required\">\n\t\t\t\t\t\t\t\t\t\t\t\t<label for=\"form-field-field_5a9b391\" class=\"elementor-field-label elementor-screen-only\">\n\t\t\t\t\t\t\t\tInteresado en:\t\t\t\t\t\t\t<\/label>\n\t\t\t\t\t\t<div class=\"elementor-field-subgroup\"><span class=\"elementor-field-option\"><input type=\"radio\" value=\"Kh\u00e9r\u00f4 \u2013 Intelig\u00eancia de Converg\u00eancia\" id=\"form-field-field_5a9b391-0\" name=\"form_fields[field_5a9b391]\" required=\"required\"> <label for=\"form-field-field_5a9b391-0\">Kh\u00e9r\u00f4 \u2013 Inteligencia de convergencia<\/label><\/span><span class=\"elementor-field-option\"><input type=\"radio\" value=\"Janus \u2013 Reposicionamento Estrat\u00e9gico\" id=\"form-field-field_5a9b391-1\" name=\"form_fields[field_5a9b391]\" required=\"required\"> <label for=\"form-field-field_5a9b391-1\">Janus \u2013 Reposicionamiento estrat\u00e9gico<\/label><\/span><span class=\"elementor-field-option\"><input type=\"radio\" value=\" Themis \u2013 Funda\u00e7\u00e3o de Projetos\" id=\"form-field-field_5a9b391-2\" name=\"form_fields[field_5a9b391]\" required=\"required\"> <label for=\"form-field-field_5a9b391-2\"> Fundaci\u00f3n del Proyecto Themis<\/label><\/span><span class=\"elementor-field-option\"><input type=\"radio\" value=\" Ainda n\u00e3o sei \/ Quero conversar\" id=\"form-field-field_5a9b391-3\" name=\"form_fields[field_5a9b391]\" required=\"required\"> <label for=\"form-field-field_5a9b391-3\"> Todav\u00eda no lo s\u00e9 \/ Quiero hablar<\/label><\/span><\/div>\t\t\t\t<\/div>\n\t\t\t\t\t\t\t\t<div class=\"elementor-field-type-html elementor-field-group elementor-column elementor-field-group-field_8c28f62 elementor-col-100\">\n\t\t\t\t\t<br>\n\t\t\t\t<\/div>\n\t\t\t\t\t\t\t\t<div class=\"elementor-field-group elementor-column elementor-field-type-submit elementor-col-100 e-form__buttons\">\n\t\t\t\t\t<button class=\"elementor-button elementor-size-sm\" type=\"submit\">\n\t\t\t\t\t\t<span class=\"elementor-button-content-wrapper\">\n\t\t\t\t\t\t\t\t\t\t\t\t\t\t\t\t\t\t\t\t\t\t<span class=\"elementor-button-text\">Para enviar<\/span>\n\t\t\t\t\t\t\t\t\t\t\t\t\t<\/span>\n\t\t\t\t\t<\/button>\n\t\t\t\t<\/div>\n\t\t\t<\/div>\n\t\t<input type=\"hidden\" name=\"trp-form-language\" value=\"es\"\/><\/form>\n\t\t\t\t\t\t<\/div>\n\t\t\t\t<\/div>\n\t\t\t\t<\/div>\n\t\t\t\t<\/div>\n\t\t\t\t\t<\/div>\n\t\t\t\t<\/div>\n\t\t\t\t<\/div>\n\t\t\t\t<\/div>\n\t\t\t\t<\/div>","protected":false},"excerpt":{"rendered":"<p>Contato O primeiro passo para ativar, reposicionar ou fundar seu projeto. Estamos \u00e0 disposi\u00e7\u00e3o para escutar o momento do seu projeto e encontrar a melhor forma de apoiar sua jornada. Se voc\u00ea est\u00e1 em busca de estrutura, clareza simb\u00f3lica, narrativa estrat\u00e9gica ou ativa\u00e7\u00e3o institucional, vamos conversar. Cada transi\u00e7\u00e3o come\u00e7a com um gesto.<\/p>","protected":false},"author":1,"featured_media":0,"parent":0,"menu_order":0,"comment_status":"closed","ping_status":"closed","template":"elementor_header_footer","meta":{"inline_featured_image":false,"footnotes":""},"class_list":["post-665","page","type-page","status-publish","hentry"],"yoast_head":"<!-- This site is optimized with the Yoast SEO plugin v27.6 - https:\/\/yoast.com\/product\/yoast-seo-wordpress\/ -->\n<title>Contato - Mape Vertex<\/title>\n<meta name=\"robots\" content=\"index, follow, max-snippet:-1, max-image-preview:large, max-video-preview:-1\" \/>\n<link rel=\"canonical\" href=\"https:\/\/mapeinovacaoeestrategia.com\/es\/contato\/\" \/>\n<meta property=\"og:locale\" content=\"es_ES\" \/>\n<meta property=\"og:type\" content=\"article\" \/>\n<meta property=\"og:title\" content=\"Contato - Mape Vertex\" \/>\n<meta property=\"og:description\" content=\"Contato O primeiro passo para ativar, reposicionar ou fundar seu projeto. Estamos \u00e0 disposi\u00e7\u00e3o para escutar o momento do seu projeto e encontrar a melhor forma de apoiar sua jornada. Se voc\u00ea est\u00e1 em busca de estrutura, clareza simb\u00f3lica, narrativa estrat\u00e9gica ou ativa\u00e7\u00e3o institucional, vamos conversar. Cada transi\u00e7\u00e3o come\u00e7a com um gesto.\" \/>\n<meta property=\"og:url\" content=\"https:\/\/mapeinovacaoeestrategia.com\/es\/contato\/\" \/>\n<meta property=\"og:site_name\" content=\"Mape Vertex\" \/>\n<meta property=\"article:modified_time\" content=\"2026-01-30T05:51:44+00:00\" \/>\n<meta name=\"twitter:card\" content=\"summary_large_image\" \/>\n<meta name=\"twitter:label1\" content=\"Est. reading time\" \/>\n\t<meta name=\"twitter:data1\" content=\"1 minuto\" \/>\n<script type=\"application\/ld+json\" class=\"yoast-schema-graph\">{\"@context\":\"https:\\\/\\\/schema.org\",\"@graph\":[{\"@type\":\"WebPage\",\"@id\":\"https:\\\/\\\/mapeinovacaoeestrategia.com\\\/contato\\\/\",\"url\":\"https:\\\/\\\/mapeinovacaoeestrategia.com\\\/contato\\\/\",\"name\":\"Contato - Mape Vertex\",\"isPartOf\":{\"@id\":\"https:\\\/\\\/mapeinovacaoeestrategia.com\\\/#website\"},\"datePublished\":\"2026-01-30T03:48:14+00:00\",\"dateModified\":\"2026-01-30T05:51:44+00:00\",\"breadcrumb\":{\"@id\":\"https:\\\/\\\/mapeinovacaoeestrategia.com\\\/contato\\\/#breadcrumb\"},\"inLanguage\":\"es\",\"potentialAction\":[{\"@type\":\"ReadAction\",\"target\":[\"https:\\\/\\\/mapeinovacaoeestrategia.com\\\/contato\\\/\"]}]},{\"@type\":\"BreadcrumbList\",\"@id\":\"https:\\\/\\\/mapeinovacaoeestrategia.com\\\/contato\\\/#breadcrumb\",\"itemListElement\":[{\"@type\":\"ListItem\",\"position\":1,\"name\":\"In\u00edcio\",\"item\":\"https:\\\/\\\/mapeinovacaoeestrategia.com\\\/\"},{\"@type\":\"ListItem\",\"position\":2,\"name\":\"Contato\"}]},{\"@type\":\"WebSite\",\"@id\":\"https:\\\/\\\/mapeinovacaoeestrategia.com\\\/#website\",\"url\":\"https:\\\/\\\/mapeinovacaoeestrategia.com\\\/\",\"name\":\"Mape Vertex\",\"description\":\"Invista em oportunidades para o seu neg\u00f3cio\",\"publisher\":{\"@id\":\"https:\\\/\\\/mapeinovacaoeestrategia.com\\\/#organization\"},\"potentialAction\":[{\"@type\":\"SearchAction\",\"target\":{\"@type\":\"EntryPoint\",\"urlTemplate\":\"https:\\\/\\\/mapeinovacaoeestrategia.com\\\/?s={search_term_string}\"},\"query-input\":{\"@type\":\"PropertyValueSpecification\",\"valueRequired\":true,\"valueName\":\"search_term_string\"}}],\"inLanguage\":\"es\"},{\"@type\":\"Organization\",\"@id\":\"https:\\\/\\\/mapeinovacaoeestrategia.com\\\/#organization\",\"name\":\"Mape Vertex\",\"url\":\"https:\\\/\\\/mapeinovacaoeestrategia.com\\\/\",\"logo\":{\"@type\":\"ImageObject\",\"inLanguage\":\"es\",\"@id\":\"https:\\\/\\\/mapeinovacaoeestrategia.com\\\/#\\\/schema\\\/logo\\\/image\\\/\",\"url\":\"https:\\\/\\\/mapeinovacaoeestrategia.com\\\/wp-content\\\/uploads\\\/2025\\\/07\\\/mape_logo_original.svg\",\"contentUrl\":\"https:\\\/\\\/mapeinovacaoeestrategia.com\\\/wp-content\\\/uploads\\\/2025\\\/07\\\/mape_logo_original.svg\",\"width\":1920,\"height\":542,\"caption\":\"Mape Vertex\"},\"image\":{\"@id\":\"https:\\\/\\\/mapeinovacaoeestrategia.com\\\/#\\\/schema\\\/logo\\\/image\\\/\"}}]}<\/script>\n<!-- \/ Yoast SEO plugin. -->","yoast_head_json":{"title":"Contato - Mape Vertex","robots":{"index":"index","follow":"follow","max-snippet":"max-snippet:-1","max-image-preview":"max-image-preview:large","max-video-preview":"max-video-preview:-1"},"canonical":"https:\/\/mapeinovacaoeestrategia.com\/es\/contato\/","og_locale":"es_ES","og_type":"article","og_title":"Contato - Mape Vertex","og_description":"Contato O primeiro passo para ativar, reposicionar ou fundar seu projeto. Estamos \u00e0 disposi\u00e7\u00e3o para escutar o momento do seu projeto e encontrar a melhor forma de apoiar sua jornada. Se voc\u00ea est\u00e1 em busca de estrutura, clareza simb\u00f3lica, narrativa estrat\u00e9gica ou ativa\u00e7\u00e3o institucional, vamos conversar. Cada transi\u00e7\u00e3o come\u00e7a com um gesto.","og_url":"https:\/\/mapeinovacaoeestrategia.com\/es\/contato\/","og_site_name":"Mape Vertex","article_modified_time":"2026-01-30T05:51:44+00:00","twitter_card":"summary_large_image","twitter_misc":{"Est. reading time":"1 minuto"},"schema":{"@context":"https:\/\/schema.org","@graph":[{"@type":"WebPage","@id":"https:\/\/mapeinovacaoeestrategia.com\/contato\/","url":"https:\/\/mapeinovacaoeestrategia.com\/contato\/","name":"Contato - Mape Vertex","isPartOf":{"@id":"https:\/\/mapeinovacaoeestrategia.com\/#website"},"datePublished":"2026-01-30T03:48:14+00:00","dateModified":"2026-01-30T05:51:44+00:00","breadcrumb":{"@id":"https:\/\/mapeinovacaoeestrategia.com\/contato\/#breadcrumb"},"inLanguage":"es","potentialAction":[{"@type":"ReadAction","target":["https:\/\/mapeinovacaoeestrategia.com\/contato\/"]}]},{"@type":"BreadcrumbList","@id":"https:\/\/mapeinovacaoeestrategia.com\/contato\/#breadcrumb","itemListElement":[{"@type":"ListItem","position":1,"name":"In\u00edcio","item":"https:\/\/mapeinovacaoeestrategia.com\/"},{"@type":"ListItem","position":2,"name":"Contato"}]},{"@type":"WebSite","@id":"https:\/\/mapeinovacaoeestrategia.com\/#website","url":"https:\/\/mapeinovacaoeestrategia.com\/","name":"Mape Vertex","description":"Invista em oportunidades para o seu neg\u00f3cio","publisher":{"@id":"https:\/\/mapeinovacaoeestrategia.com\/#organization"},"potentialAction":[{"@type":"SearchAction","target":{"@type":"EntryPoint","urlTemplate":"https:\/\/mapeinovacaoeestrategia.com\/?s={search_term_string}"},"query-input":{"@type":"PropertyValueSpecification","valueRequired":true,"valueName":"search_term_string"}}],"inLanguage":"es"},{"@type":"Organization","@id":"https:\/\/mapeinovacaoeestrategia.com\/#organization","name":"Mape Vertex","url":"https:\/\/mapeinovacaoeestrategia.com\/","logo":{"@type":"ImageObject","inLanguage":"es","@id":"https:\/\/mapeinovacaoeestrategia.com\/#\/schema\/logo\/image\/","url":"https:\/\/mapeinovacaoeestrategia.com\/wp-content\/uploads\/2025\/07\/mape_logo_original.svg","contentUrl":"https:\/\/mapeinovacaoeestrategia.com\/wp-content\/uploads\/2025\/07\/mape_logo_original.svg","width":1920,"height":542,"caption":"Mape Vertex"},"image":{"@id":"https:\/\/mapeinovacaoeestrategia.com\/#\/schema\/logo\/image\/"}}]}},"_links":{"self":[{"href":"https:\/\/mapeinovacaoeestrategia.com\/es\/wp-json\/wp\/v2\/pages\/665","targetHints":{"allow":["GET"]}}],"collection":[{"href":"https:\/\/mapeinovacaoeestrategia.com\/es\/wp-json\/wp\/v2\/pages"}],"about":[{"href":"https:\/\/mapeinovacaoeestrategia.com\/es\/wp-json\/wp\/v2\/types\/page"}],"author":[{"embeddable":true,"href":"https:\/\/mapeinovacaoeestrategia.com\/es\/wp-json\/wp\/v2\/users\/1"}],"replies":[{"embeddable":true,"href":"https:\/\/mapeinovacaoeestrategia.com\/es\/wp-json\/wp\/v2\/comments?post=665"}],"version-history":[{"count":58,"href":"https:\/\/mapeinovacaoeestrategia.com\/es\/wp-json\/wp\/v2\/pages\/665\/revisions"}],"predecessor-version":[{"id":729,"href":"https:\/\/mapeinovacaoeestrategia.com\/es\/wp-json\/wp\/v2\/pages\/665\/revisions\/729"}],"wp:attachment":[{"href":"https:\/\/mapeinovacaoeestrategia.com\/es\/wp-json\/wp\/v2\/media?parent=665"}],"curies":[{"name":"wp","href":"https:\/\/api.w.org\/{rel}","templated":true}]}}